{"id":3822,"date":"2023-01-04T12:31:35","date_gmt":"2023-01-04T11:31:35","guid":{"rendered":"https:\/\/www.hesiode.com\/you-are-winegrower\/"},"modified":"2023-01-19T11:48:42","modified_gmt":"2023-01-19T10:48:42","slug":"you-are-winegrower","status":"publish","type":"page","link":"https:\/\/www.hesiode.com\/en\/you-are-winegrower\/","title":{"rendered":"You are winegrower"},"content":{"rendered":"\t\t<div data-elementor-type=\"wp-page\" data-elementor-id=\"3822\" class=\"elementor elementor-3822 elementor-2697\">\n\t\t\t\t\t\t<section class=\"elementor-section elementor-top-section elementor-element elementor-element-83746e8 elementor-section-height-min-height elementor-section-boxed elementor-section-height-default elementor-section-items-middle\" data-id=\"83746e8\" data-element_type=\"section\" data-e-type=\"section\" data-settings=\"{&quot;background_background&quot;:&quot;classic&quot;}\">\n\t\t\t\t\t\t\t<div class=\"elementor-background-overlay\"><\/div>\n\t\t\t\t\t\t\t<div class=\"elementor-container elementor-column-gap-default\">\n\t\t\t\t\t<div class=\"elementor-column elementor-col-100 elementor-top-column elementor-element elementor-element-09faee3\" data-id=\"09faee3\" data-element_type=\"column\" data-e-type=\"column\">\n\t\t\t<div class=\"elementor-widget-wrap elementor-element-populated\">\n\t\t\t\t\t\t<div class=\"elementor-element elementor-element-c7152a9 elementor-widget elementor-widget-heading\" data-id=\"c7152a9\" data-element_type=\"widget\" data-e-type=\"widget\" data-widget_type=\"heading.default\">\n\t\t\t\t<div class=\"elementor-widget-container\">\n\t\t\t\t\t<h1 class=\"elementor-heading-title elementor-size-default\">You are winegrower \/ winemaker<\/h1>\t\t\t\t<\/div>\n\t\t\t\t<\/div>\n\t\t\t\t\t<\/div>\n\t\t<\/div>\n\t\t\t\t\t<\/div>\n\t\t<\/section>\n\t\t\t\t<section class=\"elementor-section elementor-top-section elementor-element elementor-element-b6186b4 elementor-section-boxed elementor-section-height-default elementor-section-height-default\" data-id=\"b6186b4\" data-element_type=\"section\" data-e-type=\"section\" data-settings=\"{&quot;background_background&quot;:&quot;classic&quot;}\">\n\t\t\t\t\t\t<div class=\"elementor-container elementor-column-gap-default\">\n\t\t\t\t\t<div class=\"elementor-column elementor-col-50 elementor-top-column elementor-element elementor-element-82668e3\" data-id=\"82668e3\" data-element_type=\"column\" data-e-type=\"column\">\n\t\t\t<div class=\"elementor-widget-wrap elementor-element-populated\">\n\t\t\t\t\t\t<div class=\"elementor-element elementor-element-2449e1e elementor-widget elementor-widget-heading\" data-id=\"2449e1e\" data-element_type=\"widget\" data-e-type=\"widget\" data-widget_type=\"heading.default\">\n\t\t\t\t<div class=\"elementor-widget-container\">\n\t\t\t\t\t<h2 class=\"elementor-heading-title elementor-size-default\">Winegrower \/ Winemaker<\/h2>\t\t\t\t<\/div>\n\t\t\t\t<\/div>\n\t\t\t\t<div class=\"elementor-element elementor-element-0d78433 elementor-widget elementor-widget-text-editor\" data-id=\"0d78433\" data-element_type=\"widget\" data-e-type=\"widget\" data-widget_type=\"text-editor.default\">\n\t\t\t\t<div class=\"elementor-widget-container\">\n\t\t\t\t\t\t\t\t\t<p><span style=\"font-weight: 400;\">Since local consumption habits have started to change regularly and more rapidly, international trade has never been so dynamic, and the interest in <\/span><b>developing one&#8217;s international business<\/b><span style=\"font-weight: 400;\"> is becoming even more important. <\/span><\/p>\t\t\t\t\t\t\t\t<\/div>\n\t\t\t\t<\/div>\n\t\t\t\t<div class=\"elementor-element elementor-element-c4c9e42 elementor-widget elementor-widget-text-editor\" data-id=\"c4c9e42\" data-element_type=\"widget\" data-e-type=\"widget\" data-widget_type=\"text-editor.default\">\n\t\t\t\t<div class=\"elementor-widget-container\">\n\t\t\t\t\t\t\t\t\t<p><b>Independent winegrowers<\/b><span style=\"font-weight: 400;\"> and <\/span><b>cooperative wineries<\/b><span style=\"font-weight: 400;\"> : Hesiode is committed to developing your <\/span><b>sales projects abroad<\/b><span style=\"font-weight: 400;\">. Whether you are already present on the international market or not, contact us and benefit from our <\/span><b>expertise <\/b><span style=\"font-weight: 400;\">and <\/span><b>know-how<\/b><span style=\"font-weight: 400;\"> on <\/span><b>export markets<\/b><span style=\"font-weight: 400;\">.<\/span><\/p>\t\t\t\t\t\t\t\t<\/div>\n\t\t\t\t<\/div>\n\t\t\t\t\t<\/div>\n\t\t<\/div>\n\t\t\t\t<div class=\"elementor-column elementor-col-50 elementor-top-column elementor-element elementor-element-a1b4c52\" data-id=\"a1b4c52\" data-element_type=\"column\" data-e-type=\"column\">\n\t\t\t<div class=\"elementor-widget-wrap elementor-element-populated\">\n\t\t\t\t\t\t<section class=\"elementor-section elementor-inner-section elementor-element elementor-element-1f13d7e elementor-hidden-tablet elementor-hidden-mobile elementor-section-content-middle elementor-section-boxed elementor-section-height-default elementor-section-height-default\" data-id=\"1f13d7e\" data-element_type=\"section\" data-e-type=\"section\">\n\t\t\t\t\t\t<div class=\"elementor-container elementor-column-gap-default\">\n\t\t\t\t\t<div class=\"elementor-column elementor-col-100 elementor-inner-column elementor-element elementor-element-e6d804a\" data-id=\"e6d804a\" data-element_type=\"column\" data-e-type=\"column\">\n\t\t\t<div class=\"elementor-widget-wrap elementor-element-populated\">\n\t\t\t\t\t\t<div class=\"elementor-element elementor-element-f3e4d55 elementor-widget elementor-widget-image\" data-id=\"f3e4d55\" data-element_type=\"widget\" data-e-type=\"widget\" data-widget_type=\"image.default\">\n\t\t\t\t<div class=\"elementor-widget-container\">\n\t\t\t\t\t\t\t\t\t\t\t\t\t\t\t<img decoding=\"async\" width=\"184\" height=\"206\" src=\"https:\/\/www.hesiode.com\/wp-content\/uploads\/2022\/12\/vigneron.png\" class=\"attachment-large size-large wp-image-3214\" alt=\"\" \/>\t\t\t\t\t\t\t\t\t\t\t\t\t\t\t<\/div>\n\t\t\t\t<\/div>\n\t\t\t\t\t<\/div>\n\t\t<\/div>\n\t\t\t\t\t<\/div>\n\t\t<\/section>\n\t\t\t\t\t<\/div>\n\t\t<\/div>\n\t\t\t\t\t<\/div>\n\t\t<\/section>\n\t\t\t\t<section class=\"elementor-section elementor-top-section elementor-element elementor-element-f2400c1 elementor-section-boxed elementor-section-height-default elementor-section-height-default\" data-id=\"f2400c1\" data-element_type=\"section\" data-e-type=\"section\">\n\t\t\t\t\t\t<div class=\"elementor-container elementor-column-gap-default\">\n\t\t\t\t\t<div class=\"elementor-column elementor-col-50 elementor-top-column elementor-element elementor-element-7609ad3\" data-id=\"7609ad3\" data-element_type=\"column\" data-e-type=\"column\">\n\t\t\t<div class=\"elementor-widget-wrap elementor-element-populated\">\n\t\t\t\t\t\t<div class=\"elementor-element elementor-element-3dd6d97 elementor-widget elementor-widget-image\" data-id=\"3dd6d97\" data-element_type=\"widget\" data-e-type=\"widget\" data-widget_type=\"image.default\">\n\t\t\t\t<div class=\"elementor-widget-container\">\n\t\t\t\t\t\t\t\t\t\t\t\t\t\t\t<img fetchpriority=\"high\" decoding=\"async\" width=\"1512\" height=\"2016\" src=\"https:\/\/www.hesiode.com\/wp-content\/uploads\/2022\/12\/Amandine-1.jpg\" class=\"attachment-full size-full wp-image-3206\" alt=\"\" srcset=\"https:\/\/www.hesiode.com\/wp-content\/uploads\/2022\/12\/Amandine-1.jpg 1512w, https:\/\/www.hesiode.com\/wp-content\/uploads\/2022\/12\/Amandine-1-225x300.jpg 225w, https:\/\/www.hesiode.com\/wp-content\/uploads\/2022\/12\/Amandine-1-768x1024.jpg 768w, https:\/\/www.hesiode.com\/wp-content\/uploads\/2022\/12\/Amandine-1-1152x1536.jpg 1152w\" sizes=\"(max-width: 1512px) 100vw, 1512px\" \/>\t\t\t\t\t\t\t\t\t\t\t\t\t\t\t<\/div>\n\t\t\t\t<\/div>\n\t\t\t\t\t<\/div>\n\t\t<\/div>\n\t\t\t\t<div class=\"elementor-column elementor-col-50 elementor-top-column elementor-element elementor-element-40bfc21\" data-id=\"40bfc21\" data-element_type=\"column\" data-e-type=\"column\">\n\t\t\t<div class=\"elementor-widget-wrap elementor-element-populated\">\n\t\t\t\t\t\t<div class=\"elementor-element elementor-element-7cce840 elementor-widget elementor-widget-heading\" data-id=\"7cce840\" data-element_type=\"widget\" data-e-type=\"widget\" data-widget_type=\"heading.default\">\n\t\t\t\t<div class=\"elementor-widget-container\">\n\t\t\t\t\t<h2 class=\"elementor-heading-title elementor-size-default\">A team of specialists :<\/h2>\t\t\t\t<\/div>\n\t\t\t\t<\/div>\n\t\t\t\t<div class=\"elementor-element elementor-element-18dff64 elementor-widget elementor-widget-text-editor\" data-id=\"18dff64\" data-element_type=\"widget\" data-e-type=\"widget\" data-widget_type=\"text-editor.default\">\n\t\t\t\t<div class=\"elementor-widget-container\">\n\t\t\t\t\t\t\t\t\t<ul><li style=\"font-weight: 400;\" aria-level=\"1\"><span style=\"font-weight: 400;\">To represent <\/span><b>your work abroad<\/b><span style=\"font-weight: 400;\"> and meet your <\/span><b>export ambitions<\/b><span style=\"font-weight: 400;\">, so that you can devote yourself fully on making your wines.<\/span><\/li><li style=\"font-weight: 400;\" aria-level=\"1\"><span style=\"font-weight: 400;\">For a &#8220;<\/span><b>win-win<\/b><span style=\"font-weight: 400;\">&#8221; collaboration while maintaining your<\/span><b> independence<\/b><span style=\"font-weight: 400;\">.<\/span><\/li><li style=\"font-weight: 400;\" aria-level=\"1\"><span style=\"font-weight: 400;\">For a <\/span><b>personalized<\/b><span style=\"font-weight: 400;\"> and <\/span><b>committed follow-up, creating<\/b><span style=\"font-weight: 400;\"> a <\/span><b>long-term relationship of trust.<\/b><\/li><li style=\"font-weight: 400;\" aria-level=\"1\"><span style=\"font-weight: 400;\">Acting as an interlocutor between you and your international clients, to <\/span><b>simplify exchanges <\/b><span style=\"font-weight: 400;\">and respond to their <\/span><b>specific needs in a responsive manner<\/b><span style=\"font-weight: 400;\">.<\/span><\/li><li style=\"font-weight: 400;\" aria-level=\"1\"><span style=\"font-weight: 400;\">To bring <\/span><b>precision<\/b><span style=\"font-weight: 400;\">, <\/span><b>meticulousness<\/b><span style=\"font-weight: 400;\"> and an <\/span><b>educational contribution<\/b><span style=\"font-weight: 400;\"> on the product, answering the requests of the <\/span><b>most complex and rigorous markets<\/b><span style=\"font-weight: 400;\">.<\/span><\/li><li style=\"font-weight: 400;\" aria-level=\"1\"><span style=\"font-weight: 400;\">To <\/span><b>design communication mediums<\/b><span style=\"font-weight: 400;\">, <\/span><b>technical sheets<\/b><span style=\"font-weight: 400;\"> and <\/span><b>storytelling<\/b><span style=\"font-weight: 400;\"> to better promote your product internationally.<\/span><\/li><\/ul>\t\t\t\t\t\t\t\t<\/div>\n\t\t\t\t<\/div>\n\t\t\t\t\t<\/div>\n\t\t<\/div>\n\t\t\t\t\t<\/div>\n\t\t<\/section>\n\t\t\t\t<\/div>\n\t\t","protected":false},"excerpt":{"rendered":"<p>You are winegrower \/ winemaker Winegrower \/ Winemaker Since local consumption habits have started to change regularly and more rapidly, international trade has never been so dynamic, and the interest in developing one&#8217;s international business is becoming even more important. Independent winegrowers and cooperative wineries : Hesiode is committed to developing your sales projects abroad. &hellip;<\/p>\n<p class=\"read-more\"> <a class=\"\" href=\"https:\/\/www.hesiode.com\/en\/you-are-winegrower\/\"> <span class=\"screen-reader-text\">You are winegrower<\/span> Read More &raquo;<\/a><\/p>\n","protected":false},"author":2,"featured_media":0,"parent":0,"menu_order":0,"comment_status":"closed","ping_status":"closed","template":"","meta":{"_acf_changed":false,"_eb_attr":"","site-sidebar-layout":"no-sidebar","site-content-layout":"page-builder","ast-global-header-display":"","ast-main-header-display":"","ast-hfb-above-header-display":"","ast-hfb-below-header-display":"","ast-hfb-mobile-header-display":"","site-post-title":"disabled","ast-breadcrumbs-content":"","ast-featured-img":"disabled","footer-sml-layout":"","theme-transparent-header-meta":"enabled","adv-header-id-meta":"","stick-header-meta":"","header-above-stick-meta":"","header-main-stick-meta":"","header-below-stick-meta":"","footnotes":""},"class_list":["post-3822","page","type-page","status-publish","hentry"],"acf":[],"yoast_head":"<!-- This site is optimized with the Yoast SEO plugin v26.9 - https:\/\/yoast.com\/product\/yoast-seo-wordpress\/ -->\n<title>You are winegrower - Hesiode<\/title>\n<meta name=\"description\" content=\"Que vous soyez vigneron ind\u00e9pendant, cave coop\u00e9rative, pr\u00e9sent \u00e0 l&#039;international ou pas encore, hesiode vous accompagne dans votre d\u00e9veloppement commercial \u00e0 l&#039;\u00e9tranger.\" \/>\n<meta name=\"robots\" content=\"index, follow, max-snippet:-1, max-image-preview:large, max-video-preview:-1\" \/>\n<link rel=\"canonical\" href=\"https:\/\/www.hesiode.com\/en\/you-are-winegrower\/\" \/>\n<meta property=\"og:locale\" content=\"en_US\" \/>\n<meta property=\"og:type\" content=\"article\" \/>\n<meta property=\"og:title\" content=\"You are winegrower - Hesiode\" \/>\n<meta property=\"og:description\" content=\"Que vous soyez vigneron ind\u00e9pendant, cave coop\u00e9rative, pr\u00e9sent \u00e0 l&#039;international ou pas encore, hesiode vous accompagne dans votre d\u00e9veloppement commercial \u00e0 l&#039;\u00e9tranger.\" \/>\n<meta property=\"og:url\" content=\"https:\/\/www.hesiode.com\/en\/you-are-winegrower\/\" \/>\n<meta property=\"og:site_name\" content=\"Hesiode\" \/>\n<meta property=\"article:modified_time\" content=\"2023-01-19T10:48:42+00:00\" \/>\n<meta property=\"og:image\" content=\"https:\/\/www.hesiode.com\/wp-content\/uploads\/2022\/12\/vigneron.png\" \/>\n<meta name=\"twitter:card\" content=\"summary_large_image\" \/>\n<meta name=\"twitter:label1\" content=\"Est. reading time\" \/>\n\t<meta name=\"twitter:data1\" content=\"2 minutes\" \/>\n<script type=\"application\/ld+json\" class=\"yoast-schema-graph\">{\"@context\":\"https:\/\/schema.org\",\"@graph\":[{\"@type\":\"WebPage\",\"@id\":\"https:\/\/www.hesiode.com\/en\/you-are-winegrower\/\",\"url\":\"https:\/\/www.hesiode.com\/en\/you-are-winegrower\/\",\"name\":\"You are winegrower - Hesiode\",\"isPartOf\":{\"@id\":\"https:\/\/www.hesiode.com\/en\/#website\"},\"primaryImageOfPage\":{\"@id\":\"https:\/\/www.hesiode.com\/en\/you-are-winegrower\/#primaryimage\"},\"image\":{\"@id\":\"https:\/\/www.hesiode.com\/en\/you-are-winegrower\/#primaryimage\"},\"thumbnailUrl\":\"https:\/\/www.hesiode.com\/wp-content\/uploads\/2022\/12\/vigneron.png\",\"datePublished\":\"2023-01-04T11:31:35+00:00\",\"dateModified\":\"2023-01-19T10:48:42+00:00\",\"description\":\"Que vous soyez vigneron ind\u00e9pendant, cave coop\u00e9rative, pr\u00e9sent \u00e0 l'international ou pas encore, hesiode vous accompagne dans votre d\u00e9veloppement commercial \u00e0 l'\u00e9tranger.\",\"breadcrumb\":{\"@id\":\"https:\/\/www.hesiode.com\/en\/you-are-winegrower\/#breadcrumb\"},\"inLanguage\":\"en-US\",\"potentialAction\":[{\"@type\":\"ReadAction\",\"target\":[\"https:\/\/www.hesiode.com\/en\/you-are-winegrower\/\"]}]},{\"@type\":\"ImageObject\",\"inLanguage\":\"en-US\",\"@id\":\"https:\/\/www.hesiode.com\/en\/you-are-winegrower\/#primaryimage\",\"url\":\"https:\/\/www.hesiode.com\/wp-content\/uploads\/2022\/12\/vigneron.png\",\"contentUrl\":\"https:\/\/www.hesiode.com\/wp-content\/uploads\/2022\/12\/vigneron.png\"},{\"@type\":\"BreadcrumbList\",\"@id\":\"https:\/\/www.hesiode.com\/en\/you-are-winegrower\/#breadcrumb\",\"itemListElement\":[{\"@type\":\"ListItem\",\"position\":1,\"name\":\"Accueil\",\"item\":\"https:\/\/www.hesiode.com\/en\/\"},{\"@type\":\"ListItem\",\"position\":2,\"name\":\"You are winegrower\"}]},{\"@type\":\"WebSite\",\"@id\":\"https:\/\/www.hesiode.com\/en\/#website\",\"url\":\"https:\/\/www.hesiode.com\/en\/\",\"name\":\"Hesiode\",\"description\":\"Group of winegrowers and distilleries with more than 30 years of export experience\",\"publisher\":{\"@id\":\"https:\/\/www.hesiode.com\/en\/#organization\"},\"potentialAction\":[{\"@type\":\"SearchAction\",\"target\":{\"@type\":\"EntryPoint\",\"urlTemplate\":\"https:\/\/www.hesiode.com\/en\/?s={search_term_string}\"},\"query-input\":{\"@type\":\"PropertyValueSpecification\",\"valueRequired\":true,\"valueName\":\"search_term_string\"}}],\"inLanguage\":\"en-US\"},{\"@type\":\"Organization\",\"@id\":\"https:\/\/www.hesiode.com\/en\/#organization\",\"name\":\"HESIODE\",\"url\":\"https:\/\/www.hesiode.com\/en\/\",\"logo\":{\"@type\":\"ImageObject\",\"inLanguage\":\"en-US\",\"@id\":\"https:\/\/www.hesiode.com\/en\/#\/schema\/logo\/image\/\",\"url\":\"http:\/\/www.hesiode.com\/wp-content\/uploads\/2021\/02\/cropped-Logo-GP-hesiode-e1634717016858.png\",\"contentUrl\":\"http:\/\/www.hesiode.com\/wp-content\/uploads\/2021\/02\/cropped-Logo-GP-hesiode-e1634717016858.png\",\"width\":512,\"height\":512,\"caption\":\"HESIODE\"},\"image\":{\"@id\":\"https:\/\/www.hesiode.com\/en\/#\/schema\/logo\/image\/\"},\"sameAs\":[\"https:\/\/www.instagram.com\/hesiodegroup\/\",\"https:\/\/www.linkedin.com\/company\/grouphesiode\"]}]}<\/script>\n<!-- \/ Yoast SEO plugin. -->","yoast_head_json":{"title":"You are winegrower - Hesiode","description":"Que vous soyez vigneron ind\u00e9pendant, cave coop\u00e9rative, pr\u00e9sent \u00e0 l'international ou pas encore, hesiode vous accompagne dans votre d\u00e9veloppement commercial \u00e0 l'\u00e9tranger.","robots":{"index":"index","follow":"follow","max-snippet":"max-snippet:-1","max-image-preview":"max-image-preview:large","max-video-preview":"max-video-preview:-1"},"canonical":"https:\/\/www.hesiode.com\/en\/you-are-winegrower\/","og_locale":"en_US","og_type":"article","og_title":"You are winegrower - Hesiode","og_description":"Que vous soyez vigneron ind\u00e9pendant, cave coop\u00e9rative, pr\u00e9sent \u00e0 l'international ou pas encore, hesiode vous accompagne dans votre d\u00e9veloppement commercial \u00e0 l'\u00e9tranger.","og_url":"https:\/\/www.hesiode.com\/en\/you-are-winegrower\/","og_site_name":"Hesiode","article_modified_time":"2023-01-19T10:48:42+00:00","og_image":[{"url":"https:\/\/www.hesiode.com\/wp-content\/uploads\/2022\/12\/vigneron.png","type":"","width":"","height":""}],"twitter_card":"summary_large_image","twitter_misc":{"Est. reading time":"2 minutes"},"schema":{"@context":"https:\/\/schema.org","@graph":[{"@type":"WebPage","@id":"https:\/\/www.hesiode.com\/en\/you-are-winegrower\/","url":"https:\/\/www.hesiode.com\/en\/you-are-winegrower\/","name":"You are winegrower - Hesiode","isPartOf":{"@id":"https:\/\/www.hesiode.com\/en\/#website"},"primaryImageOfPage":{"@id":"https:\/\/www.hesiode.com\/en\/you-are-winegrower\/#primaryimage"},"image":{"@id":"https:\/\/www.hesiode.com\/en\/you-are-winegrower\/#primaryimage"},"thumbnailUrl":"https:\/\/www.hesiode.com\/wp-content\/uploads\/2022\/12\/vigneron.png","datePublished":"2023-01-04T11:31:35+00:00","dateModified":"2023-01-19T10:48:42+00:00","description":"Que vous soyez vigneron ind\u00e9pendant, cave coop\u00e9rative, pr\u00e9sent \u00e0 l'international ou pas encore, hesiode vous accompagne dans votre d\u00e9veloppement commercial \u00e0 l'\u00e9tranger.","breadcrumb":{"@id":"https:\/\/www.hesiode.com\/en\/you-are-winegrower\/#breadcrumb"},"inLanguage":"en-US","potentialAction":[{"@type":"ReadAction","target":["https:\/\/www.hesiode.com\/en\/you-are-winegrower\/"]}]},{"@type":"ImageObject","inLanguage":"en-US","@id":"https:\/\/www.hesiode.com\/en\/you-are-winegrower\/#primaryimage","url":"https:\/\/www.hesiode.com\/wp-content\/uploads\/2022\/12\/vigneron.png","contentUrl":"https:\/\/www.hesiode.com\/wp-content\/uploads\/2022\/12\/vigneron.png"},{"@type":"BreadcrumbList","@id":"https:\/\/www.hesiode.com\/en\/you-are-winegrower\/#breadcrumb","itemListElement":[{"@type":"ListItem","position":1,"name":"Accueil","item":"https:\/\/www.hesiode.com\/en\/"},{"@type":"ListItem","position":2,"name":"You are winegrower"}]},{"@type":"WebSite","@id":"https:\/\/www.hesiode.com\/en\/#website","url":"https:\/\/www.hesiode.com\/en\/","name":"Hesiode","description":"Group of winegrowers and distilleries with more than 30 years of export experience","publisher":{"@id":"https:\/\/www.hesiode.com\/en\/#organization"},"potentialAction":[{"@type":"SearchAction","target":{"@type":"EntryPoint","urlTemplate":"https:\/\/www.hesiode.com\/en\/?s={search_term_string}"},"query-input":{"@type":"PropertyValueSpecification","valueRequired":true,"valueName":"search_term_string"}}],"inLanguage":"en-US"},{"@type":"Organization","@id":"https:\/\/www.hesiode.com\/en\/#organization","name":"HESIODE","url":"https:\/\/www.hesiode.com\/en\/","logo":{"@type":"ImageObject","inLanguage":"en-US","@id":"https:\/\/www.hesiode.com\/en\/#\/schema\/logo\/image\/","url":"http:\/\/www.hesiode.com\/wp-content\/uploads\/2021\/02\/cropped-Logo-GP-hesiode-e1634717016858.png","contentUrl":"http:\/\/www.hesiode.com\/wp-content\/uploads\/2021\/02\/cropped-Logo-GP-hesiode-e1634717016858.png","width":512,"height":512,"caption":"HESIODE"},"image":{"@id":"https:\/\/www.hesiode.com\/en\/#\/schema\/logo\/image\/"},"sameAs":["https:\/\/www.instagram.com\/hesiodegroup\/","https:\/\/www.linkedin.com\/company\/grouphesiode"]}]}},"_links":{"self":[{"href":"https:\/\/www.hesiode.com\/en\/wp-json\/wp\/v2\/pages\/3822","targetHints":{"allow":["GET"]}}],"collection":[{"href":"https:\/\/www.hesiode.com\/en\/wp-json\/wp\/v2\/pages"}],"about":[{"href":"https:\/\/www.hesiode.com\/en\/wp-json\/wp\/v2\/types\/page"}],"author":[{"embeddable":true,"href":"https:\/\/www.hesiode.com\/en\/wp-json\/wp\/v2\/users\/2"}],"replies":[{"embeddable":true,"href":"https:\/\/www.hesiode.com\/en\/wp-json\/wp\/v2\/comments?post=3822"}],"version-history":[{"count":16,"href":"https:\/\/www.hesiode.com\/en\/wp-json\/wp\/v2\/pages\/3822\/revisions"}],"predecessor-version":[{"id":4335,"href":"https:\/\/www.hesiode.com\/en\/wp-json\/wp\/v2\/pages\/3822\/revisions\/4335"}],"wp:attachment":[{"href":"https:\/\/www.hesiode.com\/en\/wp-json\/wp\/v2\/media?parent=3822"}],"curies":[{"name":"wp","href":"https:\/\/api.w.org\/{rel}","templated":true}]}}