{"id":3828,"date":"2023-01-04T12:35:01","date_gmt":"2023-01-04T11:35:01","guid":{"rendered":"https:\/\/www.hesiode.com\/our-history\/"},"modified":"2023-01-12T10:32:12","modified_gmt":"2023-01-12T09:32:12","slug":"our-history","status":"publish","type":"page","link":"https:\/\/www.hesiode.com\/en\/our-history\/","title":{"rendered":"Our history"},"content":{"rendered":"\t\t<div data-elementor-type=\"wp-page\" data-elementor-id=\"3828\" class=\"elementor elementor-3828 elementor-14\">\n\t\t\t\t\t\t<section class=\"elementor-section elementor-top-section elementor-element elementor-element-c8ddeb6 elementor-section-height-min-height elementor-section-boxed elementor-section-height-default elementor-section-items-middle\" data-id=\"c8ddeb6\" data-element_type=\"section\" data-e-type=\"section\" data-settings=\"{&quot;background_background&quot;:&quot;classic&quot;}\">\n\t\t\t\t\t\t\t<div class=\"elementor-background-overlay\"><\/div>\n\t\t\t\t\t\t\t<div class=\"elementor-container elementor-column-gap-default\">\n\t\t\t\t\t<div class=\"elementor-column elementor-col-100 elementor-top-column elementor-element elementor-element-6a5337e\" data-id=\"6a5337e\" data-element_type=\"column\" data-e-type=\"column\">\n\t\t\t<div class=\"elementor-widget-wrap elementor-element-populated\">\n\t\t\t\t\t\t<div class=\"elementor-element elementor-element-feefb6c elementor-widget elementor-widget-heading\" data-id=\"feefb6c\" data-element_type=\"widget\" data-e-type=\"widget\" data-widget_type=\"heading.default\">\n\t\t\t\t<div class=\"elementor-widget-container\">\n\t\t\t\t\t<h1 class=\"elementor-heading-title elementor-size-default\">Our history<\/h1>\t\t\t\t<\/div>\n\t\t\t\t<\/div>\n\t\t\t\t\t<\/div>\n\t\t<\/div>\n\t\t\t\t\t<\/div>\n\t\t<\/section>\n\t\t\t\t<section class=\"elementor-section elementor-top-section elementor-element elementor-element-034f786 elementor-section-full_width elementor-section-height-default elementor-section-height-default\" data-id=\"034f786\" data-element_type=\"section\" data-e-type=\"section\">\n\t\t\t\t\t\t<div class=\"elementor-container elementor-column-gap-default\">\n\t\t\t\t\t<div class=\"elementor-column elementor-col-100 elementor-top-column elementor-element elementor-element-ba0c118\" data-id=\"ba0c118\" data-element_type=\"column\" data-e-type=\"column\">\n\t\t\t<div class=\"elementor-widget-wrap elementor-element-populated\">\n\t\t\t\t\t\t<div class=\"elementor-element elementor-element-4d7b939 elementor-widget elementor-widget-heading\" data-id=\"4d7b939\" data-element_type=\"widget\" data-e-type=\"widget\" data-widget_type=\"heading.default\">\n\t\t\t\t<div class=\"elementor-widget-container\">\n\t\t\t\t\t<h2 class=\"elementor-heading-title elementor-size-default\">History<\/h2>\t\t\t\t<\/div>\n\t\t\t\t<\/div>\n\t\t\t\t<div class=\"elementor-element elementor-element-7d9a2db elementor-widget elementor-widget-text-editor\" data-id=\"7d9a2db\" data-element_type=\"widget\" data-e-type=\"widget\" data-widget_type=\"text-editor.default\">\n\t\t\t\t<div class=\"elementor-widget-container\">\n\t\t\t\t\t\t\t\t\t<p><strong>1991 : Pierre Robert<\/strong>, Hesiode\u2019s founder, was then <strong>export manager<\/strong> of a <strong>cooperative winery<\/strong> in the <strong>Loire Valley<\/strong>, when he decided to form the <strong>Hesiode Group<\/strong>. With the help of the <strong>largest French wine companies<\/strong>, he wanted to meet the strong demand of the <strong>Japanese market<\/strong> for <strong>French wine references<\/strong>.<\/p><p><strong>Objective :<\/strong> to present a <strong>global and diversified offer of French wines<\/strong> and <strong>spirits<\/strong>, <strong>rare wines, old vintages, good value for money wines<\/strong> and wines from <strong>environmentally friendly agriculture<\/strong>.<\/p><p>The name &#8220;<strong>Hesiode<\/strong>&#8221; then becomes obvious, because, just like the poet, the women and men who make up the Hesiode team are also fervent <strong>ambassadors of wine growing<\/strong>.<\/p><p>&nbsp;<\/p>\t\t\t\t\t\t\t\t<\/div>\n\t\t\t\t<\/div>\n\t\t\t\t<div class=\"elementor-element elementor-element-3d824d8 elementor-widget__width-inherit elementor-widget elementor-widget-be-timeline\" data-id=\"3d824d8\" data-element_type=\"widget\" data-e-type=\"widget\" data-widget_type=\"be-timeline.default\">\n\t\t\t\t<div class=\"elementor-widget-container\">\n\t\t\t\t\t<ul class=\"be-pack timeline \"><li class=\"timeline-right\"> \n\t\t\t<div class=\"tl-circ\"><\/div>\n\t\t <div class=\"timeline-panel\">\n\t\t   <div class=\"tl-heading\">\n\t\t\t <div class=\"tl-content\">\n\n\t\t\t    \n\t\t\t\t\t\t\n\t\t\t\t\t\t<div class=\"be-desc\">\n\t\t\t\t\t\t\t<h2 class=\"be-title\">1991-1995<\/h2>\t\t\t\t\t\t\t<div class=\"be-content\"><p align=\"justify\">Pierre Robert left to conquer the <b>Asian continent<\/b> with the aim to promote <b>French wines<\/b>. Hesiode is then present not only in Japan, but also in <b>China, Hong Kong, Taiwan<\/b> and <b>Thailand<\/b>.<\/p><\/div>\t\t\t\t\t\t<\/div>\n\n\t\t\t\t\t\n\t\t\t\t<\/div>\n\n\t\t\t<\/div>\n\t\t<\/div>\n\t\t\t<\/li>\n\t\t\t<li class=\"timeline-inverted\"> \n\t\t\t<div class=\"tl-circ\"><\/div>\n\t\t <div class=\"timeline-panel\">\n\t\t   <div class=\"tl-heading\">\n\t\t\t <div class=\"tl-content\">\n\n\t\t\t    \n\t\t\t\t\t\t\n\t\t\t\t\t\t<div class=\"be-desc\">\n\t\t\t\t\t\t\t<h2 class=\"be-title\">1995<\/h2>\t\t\t\t\t\t\t<div class=\"be-content\"><p align=\"justify\">\nEstablishment of a liaison office in <b>Tokyo\/Japan<\/b> with a <b>local partner<\/b>, to better meet the demand of <b>importers and distributors<\/b>.<\/p><\/div>\t\t\t\t\t\t<\/div>\n\n\t\t\t\t\t\n\t\t\t\t<\/div>\n\n\t\t\t<\/div>\n\t\t<\/div>\n\t\t\t<\/li>\n\t\t\t<li class=\"timeline-right\"> \n\t\t\t<div class=\"tl-circ\"><\/div>\n\t\t <div class=\"timeline-panel\">\n\t\t   <div class=\"tl-heading\">\n\t\t\t <div class=\"tl-content\">\n\n\t\t\t    \n\t\t\t\t\t\t\n\t\t\t\t\t\t<div class=\"be-desc\">\n\t\t\t\t\t\t\t<h2 class=\"be-title\">2005<\/h2>\t\t\t\t\t\t\t<div class=\"be-content\"><p align=\"justify\"><b>Hiromi<\/b>, a <b>Japanese wine specialist<\/b> living in <b>Tokyo<\/b>, joined the Hesiode team at the liaison office. Hiromi becomes a privileged contact for <b>Japanese importers<\/b> and <b>distributors<\/b>.<\/p><\/div>\t\t\t\t\t\t<\/div>\n\n\t\t\t\t\t\n\t\t\t\t<\/div>\n\n\t\t\t<\/div>\n\t\t<\/div>\n\t\t\t<\/li>\n\t\t\t<li class=\"timeline-inverted\"> \n\t\t\t<div class=\"tl-circ\"><\/div>\n\t\t <div class=\"timeline-panel\">\n\t\t   <div class=\"tl-heading\">\n\t\t\t <div class=\"tl-content\">\n\n\t\t\t    \n\t\t\t\t\t\t\n\t\t\t\t\t\t<div class=\"be-desc\">\n\t\t\t\t\t\t\t<h2 class=\"be-title\">2009<\/h2>\t\t\t\t\t\t\t<div class=\"be-content\"><p align=\"justify\">Arrival of <b>Amandine<\/b>, or the <b>'Hesiode Cloud', Export Manager<\/b> and <b>expert of the Japanese market<\/b>. Hesiode will soon have no secret for Amandine!<\/p>\n&nbsp;<\/div>\t\t\t\t\t\t<\/div>\n\n\t\t\t\t\t\n\t\t\t\t<\/div>\n\n\t\t\t<\/div>\n\t\t<\/div>\n\t\t\t<\/li>\n\t\t\t<li class=\"timeline-right\"> \n\t\t\t<div class=\"tl-circ\"><\/div>\n\t\t <div class=\"timeline-panel\">\n\t\t   <div class=\"tl-heading\">\n\t\t\t <div class=\"tl-content\">\n\n\t\t\t    \n\t\t\t\t\t\t\n\t\t\t\t\t\t<div class=\"be-desc\">\n\t\t\t\t\t\t\t<h2 class=\"be-title\">2010<\/h2>\t\t\t\t\t\t\t<div class=\"be-content\"><p align=\"justify\">Creation of <b>Maison Thibault &amp; Fils - Bordeaux - France<\/b> to ensure the sourcing of <b>great classified wines, old vintages<\/b> and <b>primeur wines.<\/b><\/p><\/div>\t\t\t\t\t\t<\/div>\n\n\t\t\t\t\t\n\t\t\t\t<\/div>\n\n\t\t\t<\/div>\n\t\t<\/div>\n\t\t\t<\/li>\n\t\t\t<li class=\"timeline-inverted\"> \n\t\t\t<div class=\"tl-circ\"><\/div>\n\t\t <div class=\"timeline-panel\">\n\t\t   <div class=\"tl-heading\">\n\t\t\t <div class=\"tl-content\">\n\n\t\t\t    \n\t\t\t\t\t\t\n\t\t\t\t\t\t<div class=\"be-desc\">\n\t\t\t\t\t\t\t<h2 class=\"be-title\">2019<\/h2>\t\t\t\t\t\t\t<div class=\"be-content\"><p align=\"justify\"><span style=\"font-weight: 400\">Arrival of <\/span><b>Floriane<\/b><span style=\"font-weight: 400\">,<\/span><span style=\"font-weight: 400\">\u00a0Sales administrator, to strengthen the team.<\/span><\/p><\/div>\t\t\t\t\t\t<\/div>\n\n\t\t\t\t\t\n\t\t\t\t<\/div>\n\n\t\t\t<\/div>\n\t\t<\/div>\n\t\t\t<\/li>\n\t\t\t<li class=\"timeline-right\"> \n\t\t\t<div class=\"tl-circ\"><\/div>\n\t\t <div class=\"timeline-panel\">\n\t\t   <div class=\"tl-heading\">\n\t\t\t <div class=\"tl-content\">\n\n\t\t\t    \n\t\t\t\t\t\t\n\t\t\t\t\t\t<div class=\"be-desc\">\n\t\t\t\t\t\t\t<h2 class=\"be-title\">2020<\/h2>\t\t\t\t\t\t\t<div class=\"be-content\"><p align=\"justify\">Nearly <strong>30 years<\/strong> after its creation, the company excels in the <strong>export of French wines<\/strong> and <strong>spirits<\/strong>, especially in <strong>Japan<\/strong>, a <strong>historical market for Hesiode<\/strong>.<br \/><strong>Micha\u00ebl Sourice<\/strong> takes over the reins of the company with new horizons for Hesiode: <strong>conquering new export markets<\/strong>, developing Hesiode's own brands and deploying the customer offer.<\/p><\/div>\t\t\t\t\t\t<\/div>\n\n\t\t\t\t\t\n\t\t\t\t<\/div>\n\n\t\t\t<\/div>\n\t\t<\/div>\n\t\t\t<\/li>\n\t\t\t<li class=\"timeline-inverted\"> \n\t\t\t<div class=\"tl-circ\"><\/div>\n\t\t <div class=\"timeline-panel\">\n\t\t   <div class=\"tl-heading\">\n\t\t\t <div class=\"tl-content\">\n\n\t\t\t    \n\t\t\t\t\t\t\n\t\t\t\t\t\t<div class=\"be-desc\">\n\t\t\t\t\t\t\t<h2 class=\"be-title\">2022<\/h2>\t\t\t\t\t\t\t<div class=\"be-content\"><p align=\"justify\">While Hesiode responds to other <strong>Asian countries<\/strong> such as <strong>South Korea<\/strong> and <strong>Malaysia<\/strong>, it expands with the arrival of <strong>Sophie<\/strong>, a <strong>Canadian from Qu\u00e9bec<\/strong>, to develop Hesiode's reach <strong>internationally<\/strong>.<\/p><\/div>\t\t\t\t\t\t<\/div>\n\n\t\t\t\t\t\n\t\t\t\t<\/div>\n\n\t\t\t<\/div>\n\t\t<\/div>\n\t\t\t<\/li>\n\t\t\t<li class=\"timeline-right\"> \n\t\t\t<div class=\"tl-circ\"><\/div>\n\t\t <div class=\"timeline-panel\">\n\t\t   <div class=\"tl-heading\">\n\t\t\t <div class=\"tl-content\">\n\n\t\t\t    \n\t\t\t\t\t\t\n\t\t\t\t\t\t<div class=\"be-desc\">\n\t\t\t\t\t\t\t<h2 class=\"be-title\">2023<\/h2>\t\t\t\t\t\t\t<div class=\"be-content\"><p align=\"justify\">Hesiode's \"makeover\" with a <strong>new communication strategy<\/strong> through its <strong>new website<\/strong>.<\/p><\/div>\t\t\t\t\t\t<\/div>\n\n\t\t\t\t\t\n\t\t\t\t<\/div>\n\n\t\t\t<\/div>\n\t\t<\/div>\n\t\t\t<\/li>\n\t\t\t \n      <\/ul>\n\n\t\t\t\t\t<\/div>\n\t\t\t\t<\/div>\n\t\t\t\t\t<\/div>\n\t\t<\/div>\n\t\t\t\t\t<\/div>\n\t\t<\/section>\n\t\t\t\t<section class=\"elementor-section elementor-top-section elementor-element elementor-element-ea6e2cd elementor-section-boxed elementor-section-height-default elementor-section-height-default\" data-id=\"ea6e2cd\" data-element_type=\"section\" data-e-type=\"section\" data-settings=\"{&quot;background_background&quot;:&quot;classic&quot;}\">\n\t\t\t\t\t\t<div class=\"elementor-container elementor-column-gap-default\">\n\t\t\t\t\t<div class=\"elementor-column elementor-col-50 elementor-top-column elementor-element elementor-element-02a3f61\" data-id=\"02a3f61\" data-element_type=\"column\" data-e-type=\"column\">\n\t\t\t<div class=\"elementor-widget-wrap elementor-element-populated\">\n\t\t\t\t\t\t<div class=\"elementor-element elementor-element-ccdb604 elementor-widget elementor-widget-heading\" data-id=\"ccdb604\" data-element_type=\"widget\" data-e-type=\"widget\" data-widget_type=\"heading.default\">\n\t\t\t\t<div class=\"elementor-widget-container\">\n\t\t\t\t\t<h2 class=\"elementor-heading-title elementor-size-default\">Why HESIODE ?<\/h2>\t\t\t\t<\/div>\n\t\t\t\t<\/div>\n\t\t\t\t<div class=\"elementor-element elementor-element-86d6f09 elementor-widget elementor-widget-text-editor\" data-id=\"86d6f09\" data-element_type=\"widget\" data-e-type=\"widget\" data-widget_type=\"text-editor.default\">\n\t\t\t\t<div class=\"elementor-widget-container\">\n\t\t\t\t\t\t\t\t\t<p>Hesiodos (Hesiode) was a Greek poet and historian (~750-680 BC), who lived as both a shepherd and a farmer. Hesiode is considered the first author to describe <strong>viticulture in prose<\/strong> form. Today, we consider him to be the <strong>originator of the first written records of viticulture<\/strong>. In his epic &#8220;Works and Days&#8221;, he tells of the hard life of the farmers and advises the <strong>winegrowers<\/strong> on the consumption of wine.<\/p>\t\t\t\t\t\t\t\t<\/div>\n\t\t\t\t<\/div>\n\t\t\t\t\t<\/div>\n\t\t<\/div>\n\t\t\t\t<div class=\"elementor-column elementor-col-50 elementor-top-column elementor-element elementor-element-c7da343\" data-id=\"c7da343\" data-element_type=\"column\" data-e-type=\"column\">\n\t\t\t<div class=\"elementor-widget-wrap elementor-element-populated\">\n\t\t\t\t\t\t<div class=\"elementor-element elementor-element-868ce0e elementor-widget elementor-widget-image\" data-id=\"868ce0e\" data-element_type=\"widget\" data-e-type=\"widget\" data-widget_type=\"image.default\">\n\t\t\t\t<div class=\"elementor-widget-container\">\n\t\t\t\t\t\t\t\t\t\t\t\t\t\t\t<img fetchpriority=\"high\" decoding=\"async\" width=\"800\" height=\"640\" src=\"https:\/\/www.hesiode.com\/wp-content\/uploads\/2022\/12\/Photo-Hesiode.jpg\" class=\"attachment-large size-large wp-image-3507\" alt=\"\" srcset=\"https:\/\/www.hesiode.com\/wp-content\/uploads\/2022\/12\/Photo-Hesiode.jpg 800w, https:\/\/www.hesiode.com\/wp-content\/uploads\/2022\/12\/Photo-Hesiode-300x240.jpg 300w, https:\/\/www.hesiode.com\/wp-content\/uploads\/2022\/12\/Photo-Hesiode-768x614.jpg 768w\" sizes=\"(max-width: 800px) 100vw, 800px\" \/>\t\t\t\t\t\t\t\t\t\t\t\t\t\t\t<\/div>\n\t\t\t\t<\/div>\n\t\t\t\t\t<\/div>\n\t\t<\/div>\n\t\t\t\t\t<\/div>\n\t\t<\/section>\n\t\t\t\t<\/div>\n\t\t","protected":false},"excerpt":{"rendered":"<p>Our history History 1991 : Pierre Robert, Hesiode\u2019s founder, was then export manager of a cooperative winery in the Loire Valley, when he decided to form the Hesiode Group. With the help of the largest French wine companies, he wanted to meet the strong demand of the Japanese market for French wine references. Objective : &hellip;<\/p>\n<p class=\"read-more\"> <a class=\"\" href=\"https:\/\/www.hesiode.com\/en\/our-history\/\"> <span class=\"screen-reader-text\">Our history<\/span> Read More &raquo;<\/a><\/p>\n","protected":false},"author":2,"featured_media":0,"parent":0,"menu_order":0,"comment_status":"closed","ping_status":"closed","template":"","meta":{"_acf_changed":false,"_eb_attr":"","site-sidebar-layout":"no-sidebar","site-content-layout":"page-builder","ast-global-header-display":"","ast-main-header-display":"","ast-hfb-above-header-display":"","ast-hfb-below-header-display":"","ast-hfb-mobile-header-display":"","site-post-title":"disabled","ast-breadcrumbs-content":"","ast-featured-img":"disabled","footer-sml-layout":"","theme-transparent-header-meta":"enabled","adv-header-id-meta":"","stick-header-meta":"","header-above-stick-meta":"","header-main-stick-meta":"","header-below-stick-meta":"","footnotes":""},"class_list":["post-3828","page","type-page","status-publish","hentry"],"acf":[],"yoast_head":"<!-- This site is optimized with the Yoast SEO plugin v26.9 - https:\/\/yoast.com\/product\/yoast-seo-wordpress\/ -->\n<title>Our history - Hesiode<\/title>\n<meta name=\"description\" content=\"C&#039;est au d\u00e9but des ann\u00e9es 90 qu&#039;Hesiode Group voit le jour avec le concours des plus grandes entreprises viticoles de France. D\u00e8s le d\u00e9but, hesiode part \u00e0 la conqu\u00eate de l&#039;Asie. Depuis, l&#039;\u00e9quipe s&#039;est agrandie et Hesiode est devenu la r\u00e9f\u00e9rence fran\u00e7aise en mati\u00e8re d&#039;export viticole vers l&#039;Asie\" \/>\n<meta name=\"robots\" content=\"index, follow, max-snippet:-1, max-image-preview:large, max-video-preview:-1\" \/>\n<link rel=\"canonical\" href=\"https:\/\/www.hesiode.com\/en\/our-history\/\" \/>\n<meta property=\"og:locale\" content=\"en_US\" \/>\n<meta property=\"og:type\" content=\"article\" \/>\n<meta property=\"og:title\" content=\"Our history - Hesiode\" \/>\n<meta property=\"og:description\" content=\"C&#039;est au d\u00e9but des ann\u00e9es 90 qu&#039;Hesiode Group voit le jour avec le concours des plus grandes entreprises viticoles de France. D\u00e8s le d\u00e9but, hesiode part \u00e0 la conqu\u00eate de l&#039;Asie. Depuis, l&#039;\u00e9quipe s&#039;est agrandie et Hesiode est devenu la r\u00e9f\u00e9rence fran\u00e7aise en mati\u00e8re d&#039;export viticole vers l&#039;Asie\" \/>\n<meta property=\"og:url\" content=\"https:\/\/www.hesiode.com\/en\/our-history\/\" \/>\n<meta property=\"og:site_name\" content=\"Hesiode\" \/>\n<meta property=\"article:modified_time\" content=\"2023-01-12T09:32:12+00:00\" \/>\n<meta property=\"og:image\" content=\"https:\/\/www.hesiode.com\/wp-content\/uploads\/2022\/12\/Photo-Hesiode.jpg\" \/>\n<meta name=\"twitter:card\" content=\"summary_large_image\" \/>\n<meta name=\"twitter:label1\" content=\"Est. reading time\" \/>\n\t<meta name=\"twitter:data1\" content=\"3 minutes\" \/>\n<script type=\"application\/ld+json\" class=\"yoast-schema-graph\">{\"@context\":\"https:\/\/schema.org\",\"@graph\":[{\"@type\":\"WebPage\",\"@id\":\"https:\/\/www.hesiode.com\/en\/our-history\/\",\"url\":\"https:\/\/www.hesiode.com\/en\/our-history\/\",\"name\":\"Our history - Hesiode\",\"isPartOf\":{\"@id\":\"https:\/\/www.hesiode.com\/en\/#website\"},\"primaryImageOfPage\":{\"@id\":\"https:\/\/www.hesiode.com\/en\/our-history\/#primaryimage\"},\"image\":{\"@id\":\"https:\/\/www.hesiode.com\/en\/our-history\/#primaryimage\"},\"thumbnailUrl\":\"https:\/\/www.hesiode.com\/wp-content\/uploads\/2022\/12\/Photo-Hesiode.jpg\",\"datePublished\":\"2023-01-04T11:35:01+00:00\",\"dateModified\":\"2023-01-12T09:32:12+00:00\",\"description\":\"C'est au d\u00e9but des ann\u00e9es 90 qu'Hesiode Group voit le jour avec le concours des plus grandes entreprises viticoles de France. D\u00e8s le d\u00e9but, hesiode part \u00e0 la conqu\u00eate de l'Asie. Depuis, l'\u00e9quipe s'est agrandie et Hesiode est devenu la r\u00e9f\u00e9rence fran\u00e7aise en mati\u00e8re d'export viticole vers l'Asie\",\"breadcrumb\":{\"@id\":\"https:\/\/www.hesiode.com\/en\/our-history\/#breadcrumb\"},\"inLanguage\":\"en-US\",\"potentialAction\":[{\"@type\":\"ReadAction\",\"target\":[\"https:\/\/www.hesiode.com\/en\/our-history\/\"]}]},{\"@type\":\"ImageObject\",\"inLanguage\":\"en-US\",\"@id\":\"https:\/\/www.hesiode.com\/en\/our-history\/#primaryimage\",\"url\":\"https:\/\/www.hesiode.com\/wp-content\/uploads\/2022\/12\/Photo-Hesiode.jpg\",\"contentUrl\":\"https:\/\/www.hesiode.com\/wp-content\/uploads\/2022\/12\/Photo-Hesiode.jpg\"},{\"@type\":\"BreadcrumbList\",\"@id\":\"https:\/\/www.hesiode.com\/en\/our-history\/#breadcrumb\",\"itemListElement\":[{\"@type\":\"ListItem\",\"position\":1,\"name\":\"Accueil\",\"item\":\"https:\/\/www.hesiode.com\/en\/\"},{\"@type\":\"ListItem\",\"position\":2,\"name\":\"Our history\"}]},{\"@type\":\"WebSite\",\"@id\":\"https:\/\/www.hesiode.com\/en\/#website\",\"url\":\"https:\/\/www.hesiode.com\/en\/\",\"name\":\"Hesiode\",\"description\":\"Group of winegrowers and distilleries with more than 30 years of export experience\",\"publisher\":{\"@id\":\"https:\/\/www.hesiode.com\/en\/#organization\"},\"potentialAction\":[{\"@type\":\"SearchAction\",\"target\":{\"@type\":\"EntryPoint\",\"urlTemplate\":\"https:\/\/www.hesiode.com\/en\/?s={search_term_string}\"},\"query-input\":{\"@type\":\"PropertyValueSpecification\",\"valueRequired\":true,\"valueName\":\"search_term_string\"}}],\"inLanguage\":\"en-US\"},{\"@type\":\"Organization\",\"@id\":\"https:\/\/www.hesiode.com\/en\/#organization\",\"name\":\"HESIODE\",\"url\":\"https:\/\/www.hesiode.com\/en\/\",\"logo\":{\"@type\":\"ImageObject\",\"inLanguage\":\"en-US\",\"@id\":\"https:\/\/www.hesiode.com\/en\/#\/schema\/logo\/image\/\",\"url\":\"http:\/\/www.hesiode.com\/wp-content\/uploads\/2021\/02\/cropped-Logo-GP-hesiode-e1634717016858.png\",\"contentUrl\":\"http:\/\/www.hesiode.com\/wp-content\/uploads\/2021\/02\/cropped-Logo-GP-hesiode-e1634717016858.png\",\"width\":512,\"height\":512,\"caption\":\"HESIODE\"},\"image\":{\"@id\":\"https:\/\/www.hesiode.com\/en\/#\/schema\/logo\/image\/\"},\"sameAs\":[\"https:\/\/www.instagram.com\/hesiodegroup\/\",\"https:\/\/www.linkedin.com\/company\/grouphesiode\"]}]}<\/script>\n<!-- \/ Yoast SEO plugin. -->","yoast_head_json":{"title":"Our history - Hesiode","description":"C'est au d\u00e9but des ann\u00e9es 90 qu'Hesiode Group voit le jour avec le concours des plus grandes entreprises viticoles de France. D\u00e8s le d\u00e9but, hesiode part \u00e0 la conqu\u00eate de l'Asie. Depuis, l'\u00e9quipe s'est agrandie et Hesiode est devenu la r\u00e9f\u00e9rence fran\u00e7aise en mati\u00e8re d'export viticole vers l'Asie","robots":{"index":"index","follow":"follow","max-snippet":"max-snippet:-1","max-image-preview":"max-image-preview:large","max-video-preview":"max-video-preview:-1"},"canonical":"https:\/\/www.hesiode.com\/en\/our-history\/","og_locale":"en_US","og_type":"article","og_title":"Our history - Hesiode","og_description":"C'est au d\u00e9but des ann\u00e9es 90 qu'Hesiode Group voit le jour avec le concours des plus grandes entreprises viticoles de France. D\u00e8s le d\u00e9but, hesiode part \u00e0 la conqu\u00eate de l'Asie. Depuis, l'\u00e9quipe s'est agrandie et Hesiode est devenu la r\u00e9f\u00e9rence fran\u00e7aise en mati\u00e8re d'export viticole vers l'Asie","og_url":"https:\/\/www.hesiode.com\/en\/our-history\/","og_site_name":"Hesiode","article_modified_time":"2023-01-12T09:32:12+00:00","og_image":[{"url":"https:\/\/www.hesiode.com\/wp-content\/uploads\/2022\/12\/Photo-Hesiode.jpg","type":"","width":"","height":""}],"twitter_card":"summary_large_image","twitter_misc":{"Est. reading time":"3 minutes"},"schema":{"@context":"https:\/\/schema.org","@graph":[{"@type":"WebPage","@id":"https:\/\/www.hesiode.com\/en\/our-history\/","url":"https:\/\/www.hesiode.com\/en\/our-history\/","name":"Our history - Hesiode","isPartOf":{"@id":"https:\/\/www.hesiode.com\/en\/#website"},"primaryImageOfPage":{"@id":"https:\/\/www.hesiode.com\/en\/our-history\/#primaryimage"},"image":{"@id":"https:\/\/www.hesiode.com\/en\/our-history\/#primaryimage"},"thumbnailUrl":"https:\/\/www.hesiode.com\/wp-content\/uploads\/2022\/12\/Photo-Hesiode.jpg","datePublished":"2023-01-04T11:35:01+00:00","dateModified":"2023-01-12T09:32:12+00:00","description":"C'est au d\u00e9but des ann\u00e9es 90 qu'Hesiode Group voit le jour avec le concours des plus grandes entreprises viticoles de France. D\u00e8s le d\u00e9but, hesiode part \u00e0 la conqu\u00eate de l'Asie. Depuis, l'\u00e9quipe s'est agrandie et Hesiode est devenu la r\u00e9f\u00e9rence fran\u00e7aise en mati\u00e8re d'export viticole vers l'Asie","breadcrumb":{"@id":"https:\/\/www.hesiode.com\/en\/our-history\/#breadcrumb"},"inLanguage":"en-US","potentialAction":[{"@type":"ReadAction","target":["https:\/\/www.hesiode.com\/en\/our-history\/"]}]},{"@type":"ImageObject","inLanguage":"en-US","@id":"https:\/\/www.hesiode.com\/en\/our-history\/#primaryimage","url":"https:\/\/www.hesiode.com\/wp-content\/uploads\/2022\/12\/Photo-Hesiode.jpg","contentUrl":"https:\/\/www.hesiode.com\/wp-content\/uploads\/2022\/12\/Photo-Hesiode.jpg"},{"@type":"BreadcrumbList","@id":"https:\/\/www.hesiode.com\/en\/our-history\/#breadcrumb","itemListElement":[{"@type":"ListItem","position":1,"name":"Accueil","item":"https:\/\/www.hesiode.com\/en\/"},{"@type":"ListItem","position":2,"name":"Our history"}]},{"@type":"WebSite","@id":"https:\/\/www.hesiode.com\/en\/#website","url":"https:\/\/www.hesiode.com\/en\/","name":"Hesiode","description":"Group of winegrowers and distilleries with more than 30 years of export experience","publisher":{"@id":"https:\/\/www.hesiode.com\/en\/#organization"},"potentialAction":[{"@type":"SearchAction","target":{"@type":"EntryPoint","urlTemplate":"https:\/\/www.hesiode.com\/en\/?s={search_term_string}"},"query-input":{"@type":"PropertyValueSpecification","valueRequired":true,"valueName":"search_term_string"}}],"inLanguage":"en-US"},{"@type":"Organization","@id":"https:\/\/www.hesiode.com\/en\/#organization","name":"HESIODE","url":"https:\/\/www.hesiode.com\/en\/","logo":{"@type":"ImageObject","inLanguage":"en-US","@id":"https:\/\/www.hesiode.com\/en\/#\/schema\/logo\/image\/","url":"http:\/\/www.hesiode.com\/wp-content\/uploads\/2021\/02\/cropped-Logo-GP-hesiode-e1634717016858.png","contentUrl":"http:\/\/www.hesiode.com\/wp-content\/uploads\/2021\/02\/cropped-Logo-GP-hesiode-e1634717016858.png","width":512,"height":512,"caption":"HESIODE"},"image":{"@id":"https:\/\/www.hesiode.com\/en\/#\/schema\/logo\/image\/"},"sameAs":["https:\/\/www.instagram.com\/hesiodegroup\/","https:\/\/www.linkedin.com\/company\/grouphesiode"]}]}},"_links":{"self":[{"href":"https:\/\/www.hesiode.com\/en\/wp-json\/wp\/v2\/pages\/3828","targetHints":{"allow":["GET"]}}],"collection":[{"href":"https:\/\/www.hesiode.com\/en\/wp-json\/wp\/v2\/pages"}],"about":[{"href":"https:\/\/www.hesiode.com\/en\/wp-json\/wp\/v2\/types\/page"}],"author":[{"embeddable":true,"href":"https:\/\/www.hesiode.com\/en\/wp-json\/wp\/v2\/users\/2"}],"replies":[{"embeddable":true,"href":"https:\/\/www.hesiode.com\/en\/wp-json\/wp\/v2\/comments?post=3828"}],"version-history":[{"count":22,"href":"https:\/\/www.hesiode.com\/en\/wp-json\/wp\/v2\/pages\/3828\/revisions"}],"predecessor-version":[{"id":3905,"href":"https:\/\/www.hesiode.com\/en\/wp-json\/wp\/v2\/pages\/3828\/revisions\/3905"}],"wp:attachment":[{"href":"https:\/\/www.hesiode.com\/en\/wp-json\/wp\/v2\/media?parent=3828"}],"curies":[{"name":"wp","href":"https:\/\/api.w.org\/{rel}","templated":true}]}}